{"id":1255,"date":"2023-08-24T10:06:56","date_gmt":"2023-08-24T08:06:56","guid":{"rendered":"https:\/\/www.index-z.ch\/centrostile\/fleurier\/?page_id=1255"},"modified":"2023-10-16T09:00:30","modified_gmt":"2023-10-16T07:00:30","slug":"atelier","status":"publish","type":"page","link":"https:\/\/www.centrostile.ch\/fleurier\/atelier\/","title":{"rendered":"Atelier"},"content":{"rendered":"<p><div class=\"fusion-fullwidth fullwidth-box fusion-builder-row-1 fusion-flex-container has-pattern-background has-mask-background nonhundred-percent-fullwidth non-hundred-percent-height-scrolling\" style=\"--awb-border-radius-top-left:0px;--awb-border-radius-top-right:0px;--awb-border-radius-bottom-right:0px;--awb-border-radius-bottom-left:0px;--awb-padding-top:11%;--awb-padding-bottom:0px;--awb-background-image:linear-gradient(180deg, var(--awb-custom_color_1) 0%,var(--awb-color8) 100%);--awb-flex-wrap:wrap;\" ><div class=\"fusion-builder-row fusion-row fusion-flex-align-items-flex-start fusion-flex-content-wrap\" style=\"max-width:1352px;margin-left: calc(-4% \/ 2 );margin-right: calc(-4% \/ 2 );\"><div class=\"fusion-layout-column fusion_builder_column fusion-builder-column-0 fusion_builder_column_1_1 1_1 fusion-flex-column fusion-no-large-visibility\" style=\"--awb-padding-top:80px;--awb-bg-size:cover;--awb-width-large:100%;--awb-margin-top-large:0px;--awb-spacing-right-large:1.92%;--awb-margin-bottom-large:20px;--awb-spacing-left-large:1.92%;--awb-width-medium:100%;--awb-spacing-right-medium:1.92%;--awb-spacing-left-medium:1.92%;--awb-width-small:100%;--awb-spacing-right-small:1.92%;--awb-spacing-left-small:1.92%;\"><div class=\"fusion-column-wrapper fusion-column-has-shadow fusion-flex-justify-content-flex-start fusion-content-layout-column\"><\/div><\/div><div class=\"fusion-layout-column fusion_builder_column fusion-builder-column-1 fusion_builder_column_1_1 1_1 fusion-flex-column\" style=\"--awb-padding-top:30px;--awb-bg-size:cover;--awb-width-large:100%;--awb-margin-top-large:0px;--awb-spacing-right-large:1.92%;--awb-margin-bottom-large:20px;--awb-spacing-left-large:1.92%;--awb-width-medium:100%;--awb-spacing-right-medium:1.92%;--awb-spacing-left-medium:1.92%;--awb-width-small:100%;--awb-spacing-right-small:1.92%;--awb-spacing-left-small:1.92%;\"><div class=\"fusion-column-wrapper fusion-column-has-shadow fusion-flex-justify-content-flex-start fusion-content-layout-column\"><\/div><\/div><div class=\"fusion-layout-column fusion_builder_column fusion-builder-column-2 fusion_builder_column_1_1 1_1 fusion-flex-column fusion-animated\" style=\"--awb-padding-top:10px;--awb-padding-right:10px;--awb-padding-bottom:10px;--awb-padding-left:10px;--awb-overflow:hidden;--awb-bg-color:var(--awb-color8);--awb-bg-color-hover:var(--awb-color8);--awb-bg-size:cover;--awb-box-shadow:0px 10px 23px 0px hsla(var(--awb-color8-h),var(--awb-color8-s),var(--awb-color8-l),calc( var(--awb-color8-a) - 95% ));;--awb-border-color:var(--awb-color2);--awb-border-top:0;--awb-border-right:0;--awb-border-bottom:0;--awb-border-left:0;--awb-border-style:solid;--awb-border-radius:8px 8px 8px 8px;--awb-width-large:100%;--awb-margin-top-large:0px;--awb-spacing-right-large:1.92%;--awb-margin-bottom-large:20px;--awb-spacing-left-large:1.92%;--awb-width-medium:100%;--awb-order-medium:0;--awb-spacing-right-medium:1.92%;--awb-spacing-left-medium:1.92%;--awb-width-small:100%;--awb-order-small:0;--awb-spacing-right-small:1.92%;--awb-spacing-left-small:1.92%;\" data-animationType=\"fadeInUp\" data-animationDuration=\"1.0\" data-animationOffset=\"top-into-view\"><div class=\"fusion-column-wrapper fusion-column-has-shadow fusion-flex-justify-content-flex-start fusion-content-layout-column\"><div class=\"fusion-title title fusion-title-1 fusion-sep-none fusion-title-text fusion-title-size-two\" style=\"--awb-text-color:var(--awb-color4);--awb-margin-bottom:5px;--awb-margin-bottom-small:5px;\"><h2 class=\"fusion-title-heading title-heading-left fusion-responsive-typography-calculated\" style=\"margin:0;--fontSize:30;line-height:var(--awb-typography1-line-height);\">Centrostile &#8211; Atelier<\/h2><\/div><div class=\"fusion-separator\" style=\"align-self: flex-start;margin-right:auto;margin-top:5px;margin-bottom:20px;width:100%;max-width:30%;\"><div class=\"fusion-separator-border sep-single sep-solid\" style=\"--awb-height:20px;--awb-amount:20px;--awb-sep-color:var(--awb-color4);border-color:var(--awb-color4);border-top-width:1px;\"><\/div><\/div><div class=\"fusion-text fusion-text-1\" style=\"--awb-font-size:18px;--awb-text-color:var(--awb-color4);\"><p>C&rsquo;est en 1985 que St\u00e9phane Reymond a \u00e9t\u00e9 gravement contamin\u00e9 par un virus incurable appel\u00e9 : virus du tr\u00e8fle \u00e0 quatre feuilles.<\/p>\n<\/div><div class=\"fusion-text fusion-text-2\" style=\"--awb-font-size:15px;--awb-text-color:var(--awb-color1);\"><p>De plus en plus atteint, M. Reymond a d\u00e9cid\u00e9 d&rsquo;ouvrir en 1994 un atelier sp\u00e9cialis\u00e9 dans la r\u00e9novation des anciennes Alfa Romeo.<\/p>\n<p>L&rsquo;atelier a pour but de r\u00e9nover les belles milanaises dans leur configuration d&rsquo;origine et d&rsquo;assurer leur suivi (services, entretien, pi\u00e8ces d\u00e9tach\u00e9es).<br \/>\nL&rsquo;atelier dispose d&rsquo;une remorque de transport de v\u00e9hicules.<\/p>\n<p>Sans oublier la passion de la marque pour la comp\u00e9tition automobile, l&rsquo;atelier Centro Stile redonne vie \u00e0 cette l\u00e9gende avec son service comp\u00e9tition historique.<\/p>\n<\/div><\/div><\/div><\/div><\/div><div class=\"fusion-fullwidth fullwidth-box fusion-builder-row-2 fusion-flex-container has-pattern-background has-mask-background nonhundred-percent-fullwidth non-hundred-percent-height-scrolling\" style=\"--awb-border-radius-top-left:0px;--awb-border-radius-top-right:0px;--awb-border-radius-bottom-right:0px;--awb-border-radius-bottom-left:0px;--awb-background-color:var(--awb-color8);--awb-flex-wrap:wrap;\" ><div class=\"fusion-builder-row fusion-row fusion-flex-align-items-flex-start fusion-flex-content-wrap\" style=\"max-width:1352px;margin-left: calc(-4% \/ 2 );margin-right: calc(-4% \/ 2 );\"><div class=\"fusion-layout-column fusion_builder_column fusion-builder-column-3 fusion_builder_column_1_1 1_1 fusion-flex-column\" style=\"--awb-bg-size:cover;--awb-width-large:100%;--awb-margin-top-large:0px;--awb-spacing-right-large:1.92%;--awb-margin-bottom-large:20px;--awb-spacing-left-large:1.92%;--awb-width-medium:100%;--awb-order-medium:0;--awb-spacing-right-medium:1.92%;--awb-spacing-left-medium:1.92%;--awb-width-small:100%;--awb-order-small:0;--awb-spacing-right-small:1.92%;--awb-spacing-left-small:1.92%;\"><div class=\"fusion-column-wrapper fusion-column-has-shadow fusion-flex-justify-content-flex-start fusion-content-layout-column\"><div class=\"awb-gallery-wrapper awb-gallery-wrapper-1 button-span-no\" style=\"--more-btn-alignment:center;\" data-limit=\"10\" data-page=\"1\"><div style=\"margin:-5px;--awb-bordersize:0px;--awb-border-radius:8px;--awb-caption-overlay-color:rgba(255,255,255,0);\" class=\"fusion-gallery fusion-gallery-container fusion-grid-3 fusion-columns-total-6 fusion-gallery-layout-masonry fusion-gallery-1\"><div class=\"fusion-grid-column fusion-gallery-column fusion-gallery-column-3 fusion-grid-sizer\"><\/div><div style=\"padding:5px;\" class=\"fusion-grid-column fusion-gallery-column fusion-gallery-column-3 fusion-element-grid\"><div class=\"fusion-gallery-image awb-imageframe-style awb-imageframe-style-resa\"><a href=\"https:\/\/www.centrostile.ch\/fleurier\/wp-content\/uploads\/2023\/08\/1a0d89af-ffe9-46e2-ae2f-582fbed453f3.jpg\" rel=\"noreferrer\" data-rel=\"iLightbox[gallery_image_1]\" class=\"fusion-lightbox\" target=\"_self\"><div style=\"padding-top:calc((100% + 10px) * 0.8 - 5px);background-position:;\" class=\"fusion-masonry-element-container lazyload\" data-bg=\"https:\/\/www.centrostile.ch\/fleurier\/wp-content\/uploads\/2023\/08\/1a0d89af-ffe9-46e2-ae2f-582fbed453f3.jpg\"><img decoding=\"async\" src=\"https:\/\/www.centrostile.ch\/fleurier\/wp-content\/uploads\/2023\/08\/1a0d89af-ffe9-46e2-ae2f-582fbed453f3.jpg\" data-orig-src=\"https:\/\/www.centrostile.ch\/fleurier\/wp-content\/uploads\/2023\/08\/1a0d89af-ffe9-46e2-ae2f-582fbed453f3.jpg\" width=\"1034\" height=\"1200\" alt=\"\" title=\"1a0d89af-ffe9-46e2-ae2f-582fbed453f3\" aria-label=\"1a0d89af-ffe9-46e2-ae2f-582fbed453f3\" class=\"lazyload img-responsive wp-image-1273\" srcset=\"data:image\/svg+xml,%3Csvg%20xmlns%3D%27http%3A%2F%2Fwww.w3.org%2F2000%2Fsvg%27%20width%3D%271034%27%20height%3D%271200%27%20viewBox%3D%270%200%201034%201200%27%3E%3Crect%20width%3D%271034%27%20height%3D%271200%27%20fill-opacity%3D%220%22%2F%3E%3C%2Fsvg%3E\" data-srcset=\"https:\/\/www.centrostile.ch\/fleurier\/wp-content\/uploads\/2023\/08\/1a0d89af-ffe9-46e2-ae2f-582fbed453f3-200x232.jpg 200w, https:\/\/www.centrostile.ch\/fleurier\/wp-content\/uploads\/2023\/08\/1a0d89af-ffe9-46e2-ae2f-582fbed453f3-400x464.jpg 400w, https:\/\/www.centrostile.ch\/fleurier\/wp-content\/uploads\/2023\/08\/1a0d89af-ffe9-46e2-ae2f-582fbed453f3-600x696.jpg 600w, https:\/\/www.centrostile.ch\/fleurier\/wp-content\/uploads\/2023\/08\/1a0d89af-ffe9-46e2-ae2f-582fbed453f3-800x928.jpg 800w, https:\/\/www.centrostile.ch\/fleurier\/wp-content\/uploads\/2023\/08\/1a0d89af-ffe9-46e2-ae2f-582fbed453f3.jpg 1034w\" data-sizes=\"auto\" data-orig-sizes=\"(min-width: 2200px) 100vw, (min-width: 784px) 430px, (min-width: 712px) 645px, (min-width: 640px) 712px, \" \/><\/div><div class=\"awb-imageframe-caption-container\"><div class=\"awb-imageframe-caption\"><h2 class=\"awb-imageframe-caption-title\">ATELIER<\/h2><\/div><\/div><\/a><\/div><\/div><div style=\"padding:5px;\" class=\"fusion-grid-column fusion-gallery-column fusion-gallery-column-3 fusion-element-grid\"><div class=\"fusion-gallery-image awb-imageframe-style awb-imageframe-style-resa\"><a href=\"https:\/\/www.centrostile.ch\/fleurier\/wp-content\/uploads\/2023\/08\/fece673b-14ea-45a9-94bf-563b4e59f69a.jpg\" rel=\"noreferrer\" data-rel=\"iLightbox[gallery_image_1]\" class=\"fusion-lightbox\" target=\"_self\"><div style=\"padding-top:calc((100% + 10px) * 0.8 - 5px);background-position:;\" class=\"fusion-masonry-element-container lazyload\" data-bg=\"https:\/\/www.centrostile.ch\/fleurier\/wp-content\/uploads\/2023\/08\/fece673b-14ea-45a9-94bf-563b4e59f69a.jpg\"><img decoding=\"async\" src=\"https:\/\/www.centrostile.ch\/fleurier\/wp-content\/uploads\/2023\/08\/fece673b-14ea-45a9-94bf-563b4e59f69a.jpg\" data-orig-src=\"https:\/\/www.centrostile.ch\/fleurier\/wp-content\/uploads\/2023\/08\/fece673b-14ea-45a9-94bf-563b4e59f69a.jpg\" width=\"1440\" height=\"1080\" alt=\"\" title=\"fece673b-14ea-45a9-94bf-563b4e59f69a\" aria-label=\"fece673b-14ea-45a9-94bf-563b4e59f69a\" class=\"lazyload img-responsive wp-image-1274\" srcset=\"data:image\/svg+xml,%3Csvg%20xmlns%3D%27http%3A%2F%2Fwww.w3.org%2F2000%2Fsvg%27%20width%3D%271440%27%20height%3D%271080%27%20viewBox%3D%270%200%201440%201080%27%3E%3Crect%20width%3D%271440%27%20height%3D%271080%27%20fill-opacity%3D%220%22%2F%3E%3C%2Fsvg%3E\" data-srcset=\"https:\/\/www.centrostile.ch\/fleurier\/wp-content\/uploads\/2023\/08\/fece673b-14ea-45a9-94bf-563b4e59f69a-200x150.jpg 200w, https:\/\/www.centrostile.ch\/fleurier\/wp-content\/uploads\/2023\/08\/fece673b-14ea-45a9-94bf-563b4e59f69a-400x300.jpg 400w, https:\/\/www.centrostile.ch\/fleurier\/wp-content\/uploads\/2023\/08\/fece673b-14ea-45a9-94bf-563b4e59f69a-600x450.jpg 600w, https:\/\/www.centrostile.ch\/fleurier\/wp-content\/uploads\/2023\/08\/fece673b-14ea-45a9-94bf-563b4e59f69a-800x600.jpg 800w, https:\/\/www.centrostile.ch\/fleurier\/wp-content\/uploads\/2023\/08\/fece673b-14ea-45a9-94bf-563b4e59f69a-1200x900.jpg 1200w, https:\/\/www.centrostile.ch\/fleurier\/wp-content\/uploads\/2023\/08\/fece673b-14ea-45a9-94bf-563b4e59f69a.jpg 1440w\" data-sizes=\"auto\" data-orig-sizes=\"(min-width: 2200px) 100vw, (min-width: 784px) 430px, (min-width: 712px) 645px, (min-width: 640px) 712px, \" \/><\/div><div class=\"awb-imageframe-caption-container\"><div class=\"awb-imageframe-caption\"><h2 class=\"awb-imageframe-caption-title\">ATELIER<\/h2><\/div><\/div><\/a><\/div><\/div><div style=\"padding:5px;\" class=\"fusion-grid-column fusion-gallery-column fusion-gallery-column-3 fusion-element-grid\"><div class=\"fusion-gallery-image awb-imageframe-style awb-imageframe-style-resa\"><a href=\"https:\/\/www.centrostile.ch\/fleurier\/wp-content\/uploads\/2023\/08\/parechoc2.jpg\" rel=\"noreferrer\" data-rel=\"iLightbox[gallery_image_1]\" class=\"fusion-lightbox\" target=\"_self\"><div style=\"padding-top:calc((100% + 10px) * 0.8 - 5px);background-position:;\" class=\"fusion-masonry-element-container lazyload\" data-bg=\"https:\/\/www.centrostile.ch\/fleurier\/wp-content\/uploads\/2023\/08\/parechoc2.jpg\"><img decoding=\"async\" src=\"https:\/\/www.centrostile.ch\/fleurier\/wp-content\/uploads\/2023\/08\/parechoc2.jpg\" data-orig-src=\"https:\/\/www.centrostile.ch\/fleurier\/wp-content\/uploads\/2023\/08\/parechoc2.jpg\" width=\"600\" height=\"450\" alt=\"\" title=\"parechoc2\" aria-label=\"parechoc2\" class=\"lazyload img-responsive wp-image-1275\" srcset=\"data:image\/svg+xml,%3Csvg%20xmlns%3D%27http%3A%2F%2Fwww.w3.org%2F2000%2Fsvg%27%20width%3D%27600%27%20height%3D%27450%27%20viewBox%3D%270%200%20600%20450%27%3E%3Crect%20width%3D%27600%27%20height%3D%27450%27%20fill-opacity%3D%220%22%2F%3E%3C%2Fsvg%3E\" data-srcset=\"https:\/\/www.centrostile.ch\/fleurier\/wp-content\/uploads\/2023\/08\/parechoc2-200x150.jpg 200w, https:\/\/www.centrostile.ch\/fleurier\/wp-content\/uploads\/2023\/08\/parechoc2-400x300.jpg 400w, https:\/\/www.centrostile.ch\/fleurier\/wp-content\/uploads\/2023\/08\/parechoc2.jpg 600w\" data-sizes=\"auto\" data-orig-sizes=\"(min-width: 2200px) 100vw, (min-width: 784px) 430px, (min-width: 712px) 645px, (min-width: 640px) 712px, \" \/><\/div><div class=\"awb-imageframe-caption-container\"><div class=\"awb-imageframe-caption\"><h2 class=\"awb-imageframe-caption-title\">ATELIER<\/h2><\/div><\/div><\/a><\/div><\/div><div style=\"padding:5px;\" class=\"fusion-grid-column fusion-gallery-column fusion-gallery-column-3 fusion-element-grid\"><div class=\"fusion-gallery-image awb-imageframe-style awb-imageframe-style-resa\"><a href=\"https:\/\/www.centrostile.ch\/fleurier\/wp-content\/uploads\/2023\/08\/parechoc3.jpg\" rel=\"noreferrer\" data-rel=\"iLightbox[gallery_image_1]\" class=\"fusion-lightbox\" target=\"_self\"><div style=\"padding-top:calc((100% + 10px) * 0.8 - 5px);background-position:;\" class=\"fusion-masonry-element-container lazyload\" data-bg=\"https:\/\/www.centrostile.ch\/fleurier\/wp-content\/uploads\/2023\/08\/parechoc3.jpg\"><img decoding=\"async\" src=\"https:\/\/www.centrostile.ch\/fleurier\/wp-content\/uploads\/2023\/08\/parechoc3.jpg\" data-orig-src=\"https:\/\/www.centrostile.ch\/fleurier\/wp-content\/uploads\/2023\/08\/parechoc3.jpg\" width=\"600\" height=\"450\" alt=\"\" title=\"parechoc3\" aria-label=\"parechoc3\" class=\"lazyload img-responsive wp-image-1276\" srcset=\"data:image\/svg+xml,%3Csvg%20xmlns%3D%27http%3A%2F%2Fwww.w3.org%2F2000%2Fsvg%27%20width%3D%27600%27%20height%3D%27450%27%20viewBox%3D%270%200%20600%20450%27%3E%3Crect%20width%3D%27600%27%20height%3D%27450%27%20fill-opacity%3D%220%22%2F%3E%3C%2Fsvg%3E\" data-srcset=\"https:\/\/www.centrostile.ch\/fleurier\/wp-content\/uploads\/2023\/08\/parechoc3-200x150.jpg 200w, https:\/\/www.centrostile.ch\/fleurier\/wp-content\/uploads\/2023\/08\/parechoc3-400x300.jpg 400w, https:\/\/www.centrostile.ch\/fleurier\/wp-content\/uploads\/2023\/08\/parechoc3.jpg 600w\" data-sizes=\"auto\" data-orig-sizes=\"(min-width: 2200px) 100vw, (min-width: 784px) 430px, (min-width: 712px) 645px, (min-width: 640px) 712px, \" \/><\/div><div class=\"awb-imageframe-caption-container\"><div class=\"awb-imageframe-caption\"><h2 class=\"awb-imageframe-caption-title\">ATELIER<\/h2><\/div><\/div><\/a><\/div><\/div><div style=\"padding:5px;\" class=\"fusion-grid-column fusion-gallery-column fusion-gallery-column-3 fusion-element-grid\"><div class=\"fusion-gallery-image awb-imageframe-style awb-imageframe-style-resa\"><a href=\"https:\/\/www.centrostile.ch\/fleurier\/wp-content\/uploads\/2023\/08\/renov-atelier6.jpg\" rel=\"noreferrer\" data-rel=\"iLightbox[gallery_image_1]\" class=\"fusion-lightbox\" target=\"_self\"><div style=\"padding-top:calc((100% + 10px) * 0.8 - 5px);background-position:;\" class=\"fusion-masonry-element-container lazyload\" data-bg=\"https:\/\/www.centrostile.ch\/fleurier\/wp-content\/uploads\/2023\/08\/renov-atelier6.jpg\"><img decoding=\"async\" src=\"https:\/\/www.centrostile.ch\/fleurier\/wp-content\/uploads\/2023\/08\/renov-atelier6.jpg\" data-orig-src=\"https:\/\/www.centrostile.ch\/fleurier\/wp-content\/uploads\/2023\/08\/renov-atelier6.jpg\" width=\"600\" height=\"450\" alt=\"\" title=\"renov-atelier6\" aria-label=\"renov-atelier6\" class=\"lazyload img-responsive wp-image-1277\" srcset=\"data:image\/svg+xml,%3Csvg%20xmlns%3D%27http%3A%2F%2Fwww.w3.org%2F2000%2Fsvg%27%20width%3D%27600%27%20height%3D%27450%27%20viewBox%3D%270%200%20600%20450%27%3E%3Crect%20width%3D%27600%27%20height%3D%27450%27%20fill-opacity%3D%220%22%2F%3E%3C%2Fsvg%3E\" data-srcset=\"https:\/\/www.centrostile.ch\/fleurier\/wp-content\/uploads\/2023\/08\/renov-atelier6-200x150.jpg 200w, https:\/\/www.centrostile.ch\/fleurier\/wp-content\/uploads\/2023\/08\/renov-atelier6-400x300.jpg 400w, https:\/\/www.centrostile.ch\/fleurier\/wp-content\/uploads\/2023\/08\/renov-atelier6.jpg 600w\" data-sizes=\"auto\" data-orig-sizes=\"(min-width: 2200px) 100vw, (min-width: 784px) 430px, (min-width: 712px) 645px, (min-width: 640px) 712px, \" \/><\/div><div class=\"awb-imageframe-caption-container\"><div class=\"awb-imageframe-caption\"><h2 class=\"awb-imageframe-caption-title\">ATELIER<\/h2><\/div><\/div><\/a><\/div><\/div><div style=\"padding:5px;\" class=\"fusion-grid-column fusion-gallery-column fusion-gallery-column-3 fusion-element-grid\"><div class=\"fusion-gallery-image awb-imageframe-style awb-imageframe-style-resa\"><a href=\"https:\/\/www.centrostile.ch\/fleurier\/wp-content\/uploads\/2023\/08\/renove-atelier-7.jpg\" rel=\"noreferrer\" data-rel=\"iLightbox[gallery_image_1]\" class=\"fusion-lightbox\" target=\"_self\"><div style=\"padding-top:calc((100% + 10px) * 0.8 - 5px);background-position:;\" class=\"fusion-masonry-element-container lazyload\" data-bg=\"https:\/\/www.centrostile.ch\/fleurier\/wp-content\/uploads\/2023\/08\/renove-atelier-7.jpg\"><img decoding=\"async\" src=\"https:\/\/www.centrostile.ch\/fleurier\/wp-content\/uploads\/2023\/08\/renove-atelier-7.jpg\" data-orig-src=\"https:\/\/www.centrostile.ch\/fleurier\/wp-content\/uploads\/2023\/08\/renove-atelier-7.jpg\" width=\"600\" height=\"450\" alt=\"\" title=\"renove-atelier 7\" aria-label=\"renove-atelier 7\" class=\"lazyload img-responsive wp-image-1278\" srcset=\"data:image\/svg+xml,%3Csvg%20xmlns%3D%27http%3A%2F%2Fwww.w3.org%2F2000%2Fsvg%27%20width%3D%27600%27%20height%3D%27450%27%20viewBox%3D%270%200%20600%20450%27%3E%3Crect%20width%3D%27600%27%20height%3D%27450%27%20fill-opacity%3D%220%22%2F%3E%3C%2Fsvg%3E\" data-srcset=\"https:\/\/www.centrostile.ch\/fleurier\/wp-content\/uploads\/2023\/08\/renove-atelier-7-200x150.jpg 200w, https:\/\/www.centrostile.ch\/fleurier\/wp-content\/uploads\/2023\/08\/renove-atelier-7-400x300.jpg 400w, https:\/\/www.centrostile.ch\/fleurier\/wp-content\/uploads\/2023\/08\/renove-atelier-7.jpg 600w\" data-sizes=\"auto\" data-orig-sizes=\"(min-width: 2200px) 100vw, (min-width: 784px) 430px, (min-width: 712px) 645px, (min-width: 640px) 712px, \" \/><\/div><div class=\"awb-imageframe-caption-container\"><div class=\"awb-imageframe-caption\"><h2 class=\"awb-imageframe-caption-title\">ATELIER<\/h2><\/div><\/div><\/a><\/div><\/div><\/div><\/div><\/div><\/div><\/div><\/div><\/p>\n","protected":false},"excerpt":{"rendered":"","protected":false},"author":1,"featured_media":0,"parent":0,"menu_order":0,"comment_status":"closed","ping_status":"closed","template":"100-width.php","meta":{"footnotes":""},"class_list":["post-1255","page","type-page","status-publish","hentry"],"_links":{"self":[{"href":"https:\/\/www.centrostile.ch\/fleurier\/wp-json\/wp\/v2\/pages\/1255","targetHints":{"allow":["GET"]}}],"collection":[{"href":"https:\/\/www.centrostile.ch\/fleurier\/wp-json\/wp\/v2\/pages"}],"about":[{"href":"https:\/\/www.centrostile.ch\/fleurier\/wp-json\/wp\/v2\/types\/page"}],"author":[{"embeddable":true,"href":"https:\/\/www.centrostile.ch\/fleurier\/wp-json\/wp\/v2\/users\/1"}],"replies":[{"embeddable":true,"href":"https:\/\/www.centrostile.ch\/fleurier\/wp-json\/wp\/v2\/comments?post=1255"}],"version-history":[{"count":33,"href":"https:\/\/www.centrostile.ch\/fleurier\/wp-json\/wp\/v2\/pages\/1255\/revisions"}],"predecessor-version":[{"id":1647,"href":"https:\/\/www.centrostile.ch\/fleurier\/wp-json\/wp\/v2\/pages\/1255\/revisions\/1647"}],"wp:attachment":[{"href":"https:\/\/www.centrostile.ch\/fleurier\/wp-json\/wp\/v2\/media?parent=1255"}],"curies":[{"name":"wp","href":"https:\/\/api.w.org\/{rel}","templated":true}]}}